{"id":65450,"date":"2017-09-30T14:17:55","date_gmt":"2017-09-30T14:17:55","guid":{"rendered":"https:\/\/www.rosaantuna.com.br\/?page_id=65450"},"modified":"2020-04-27T23:50:37","modified_gmt":"2020-04-27T23:50:37","slug":"sobre","status":"publish","type":"page","link":"https:\/\/www.rosaantuna.com.br\/en\/sobre\/","title":{"rendered":"SOBRE"},"content":{"rendered":"<div class=\"wpb-content-wrapper\"><p>[vc_row unlock_row_content=&#8221;yes&#8221; row_height_percent=&#8221;0&#8243; override_padding=&#8221;yes&#8221; h_padding=&#8221;0&#8243; top_padding=&#8221;0&#8243; bottom_padding=&#8221;0&#8243; overlay_alpha=&#8221;50&#8243; gutter_size=&#8221;0&#8243; column_width_percent=&#8221;100&#8243; shift_y=&#8221;0&#8243; z_index=&#8221;0&#8243; sticky=&#8221;yes&#8221;][vc_column width=&#8221;1\/1&#8243;][vc_separator sep_color=&#8221;accent&#8221; el_width=&#8221;100%&#8221; el_height=&#8221;10px&#8221;][\/vc_column][\/vc_row][vc_row][vc_column width=&#8221;1\/3&#8243;][vc_gallery el_id=&#8221;gallery-144596&#8243; medias=&#8221;65663,65664,65665,65666&#8243; gutter_size=&#8221;2&#8243; media_items=&#8221;media|nolink|original&#8221; screen_lg=&#8221;1000&#8243; screen_md=&#8221;600&#8243; screen_sm=&#8221;480&#8243; single_width=&#8221;12&#8243; single_overlay_opacity=&#8221;50&#8243; single_text_anim=&#8221;no&#8221; single_overlay_anim=&#8221;no&#8221; single_image_anim=&#8221;no&#8221; single_padding=&#8221;2&#8243;][\/vc_column][vc_column width=&#8221;2\/3&#8243;][vc_custom_heading text_size=&#8221;fontsize-155944&#8243; text_font=&#8221;font-134980&#8243; text_weight=&#8221;300&#8243;]Critics[\/vc_custom_heading][vc_column_text]<em>&#8220;Rosa Antu\u00f1a\u2019s accomplishments are noteworthy, she speaks, sings and plays instruments&#8230;skills that add up to identify her amongst the best dancers within the country.&#8221;<\/em> &#8211; Helena Katz, O Estado de S\u00e3o Paulo (Sao Paulo State Journal)[\/vc_column_text][vc_column_text]<em>&#8220;Rosa Antu\u00f1a\u2019s refinement is noteworthy, she speaks, sings and plays instruments, skills that add up to designate her among the best dancers within the country.&#8221;<\/em><\/p>\n<p>Helena Katz, The State of S\u00e3o Paulo 27\/11\/2004[\/vc_column_text][vc_column_text]<em>&#8220;(&#8230;) More than a dancer, an artist in plenitude.&#8221;<\/em><\/p>\n<p>Miguel Annunciation &#8211; Journal Hoje em Dia &#8211; Belo Horizonte, 24\/1\/2012[\/vc_column_text][vc_empty_space empty_h=&#8221;1&#8243;][vc_accordion][vc_accordion_tab title=&#8221;ABOUT ROSA ANTU\u00d1A&#8221; tab_id=&#8221;1507146827-1-5&#8243;][vc_custom_heading text_size=&#8221;fontsize-155944&#8243; text_font=&#8221;font-134980&#8243; text_weight=&#8221;300&#8243;]About Rosa Antu\u00f1a[\/vc_custom_heading][vc_column_text]Rosa Antu\u00f1a is a director, choreographer, dancer and actress. Rosa\u2019s dance training includes the Centro Mineiro de Dan\u00e7as Cl\u00e1ssicas in Belo Horizonte, Centro Pro-Danza de Cuba, and Palucca Schule Dresden in Germany. Her latest creative project completes the final chapter of her Feminist Trilogy, &#8220;The Woman who Spit Out the Apple,&#8221; and encompasses her additional two other solo works, &#8220;The Dress&#8221; and &#8220;Wild Women&#8221;.<\/p>\n<p>Rosa has been an integral member of the Mario Nascimento Dance Company for 14 years and acts as assistant director, assistant choreographer, rehearsal director, and professor of dance, improvisation, theater and voice. Rosa created the Integrated Arts Workshop, an exciting and innovative discipline, developed through her work with the Mario Nascimento Dance Company, and she has been presenting this workshop throughout Brazil.<\/p>\n<p>Rosa worked at Chemnitz and Erfurt Theater in Germany, and in Brazil with Dance Company 1\u00ba ATO, Mimulus Dance Company and the S\u00e3o Paulo City Ballet Dance Company. In 2014 she took part in an Artist Residency at the Odin Theater in Holstebro, Denmark.<\/p>\n<p>[\/vc_column_text][\/vc_accordion_tab][vc_accordion_tab title=&#8221;COMPLETE RESUME&#8221; tab_id=&#8221;1507146827-2-90&#8243;][vc_custom_heading text_size=&#8221;fontsize-155944&#8243; text_font=&#8221;font-134980&#8243; text_weight=&#8221;300&#8243;]Complete Resume[\/vc_custom_heading][vc_column_text]<\/p>\n<p><strong>Awards<\/strong><\/p>\n<p>1st Prize Usiminas \/ Sinparc 2004 Best Ballerina (ESCAMBO Cia MN)<\/p>\n<p>14th Prize SESC 2009 Best Ballerina (FALADORES Cia MN)<\/p>\n<p><strong>Training in Classical Ballet<\/strong><\/p>\n<p>&#8211; She began studying classical ballet at the age six, in 1984, at the Center of Minas Classical Dance in Minas Gerais directed by Maria Clara Salles.<\/p>\n<p>&#8211; She graduated from the method of the Royal Academy of Dancing, having completed the Advanced level in 1992, at the age of fifteen.<\/p>\n<p>&#8211; Participated in the International Dance Festival of Joinville in 1991, 1992, 1993, 1994, 1995, 1996 and 1999, having been awarded numerous times. In 1996 she won a gold medal with the grand pas de deux, Diana and Acteon, in the professional category, with Cuban partner, Amilcar Moret. In 1999 she received the gold medal as a soloist in Malague\u00f1as.<\/p>\n<p>&#8211; Rosa studied at the Center Pro-Danza in Cuba, directed by Laura Alonzo, from January to April of 1996.<\/p>\n<p>&#8211; Through the International Dance Seminar of Brasilia (1996), directed by Gisele Santoro, she won a scholarship to Palucca Schule Dresden (Germany), where she studied from 1996 to 1998.<\/p>\n<p>&#8211; Throughout this training&#8217;s the main teachers were Maria Clara Salles, Grace Sales, Mercedes Beltran, Ofelia Gonz\u00e1lez, Laura Alonzo, Amparo Brito, and Hans Tappendorff.<\/p>\n<p>&#8211; Rosa participated in the 7th International Dance Competition of Paris, and also the New York International Ballet Competition in 2000.<\/p>\n<p>&#8211; She participated in the Cuba Ballet in Niter\u00f3i, Goi\u00e2nia and S\u00e3o Paulo, and in S\u00e3o Paulo she performed a part of Nikya in La Bayadere, and was then invited to the premiere of the first complete staging of La Bayadere in Havana, with Centro Pro-Danza de Cuba (2000).<\/p>\n<p>&#8211; Her repertoire includes the grand pas de deux from Le Corsaire, Diana and Acteon, Paquita, Black Swan, the lead role in Cinderella, La Sylphide, The Nutcracker, Ivan the Terrible, and La Bayadere. She also participated as a soloist and ensemble member of Don Quixote, Giselle, La Fille mal Gardee, Sleeping Beauty, Les Sylphides, and Coppelia.<\/p>\n<p><strong>Training in Modern and Contemporary Dance<\/strong><\/p>\n<p>&#8211; She studied modern dance techniques of Martha Graham and Laban Palucca Schule in Dresden between 1996 and 1998.<\/p>\n<p>&#8211; Took classes from Dudude Herrmann while working with Dance Group 1\u00ba ATO in Belo Horizonte, when she returned from Germany (1998\/1999).<\/p>\n<p>&#8211; Participated in workshops with David Zambrano, Wagner Carvalho, Regina Advent, and Denise Namura<\/p>\n<p>&#8211; Her training in contemporary dance technique was further defined when she began working with Mario Nascimento, in July 2003.<\/p>\n<p><strong>Training in Theater<\/strong><\/p>\n<p>&#8211; She complete the two semesters of undergraduate Theatre at the Federal University of Minas Gerais, UFMG (2007\/2008)<\/p>\n<p>&#8211; Participated in workshops with Eugenio Barba and Julia Varley (Brasilia 2008); Also with Yara de Novaes (2012).<\/p>\n<p>&#8211; Studied Theatrical Improvisation with Omar Medina and Jose Luis Salda\u00f1a; Omar Galvan; Mariana Muniz.<\/p>\n<p>&#8211; Clown workshop with Group Trampulim<\/p>\n<p>&#8211; The Dance of Intent (Course for a deeper understanding with Roberta Carreri, of the Odin Theatre) in 2013 and 2014<\/p>\n<p>&#8211; Artistic Residence at Odin Theater, Holstebro, Denmark. She was directed by Roberta Carreri in her new solo creation, \u201cThe Woman Who Spit Out the Apple\u201d<\/p>\n<p>&#8211; Butoh \u2013 with \u00c1dega Olmos &#8211; 2015<\/p>\n<p><strong>Music<\/strong><\/p>\n<p>&#8211; Played in Maracatu Trov\u00e3o Band in Minas Gerais (2000\/2002); Sang in the Group C\u00f4co P\u00e9 de Saia and Group O Menino in (2001).<\/p>\n<p>&#8211; Studied the tambourine at the School of Choro Brazil with an S<\/p>\n<p>&#8211; Studied violin notions and musicality at the Foundation in Arts Education (2007\/2008)<\/p>\n<p>&#8211; She studied singing at the Babaya School of Music (2000), School of Choro Brazil with an S (2006\/2007) and with Barbara Penido (2007\/2012)<\/p>\n<p>&#8211; Pro-Music School &#8211; 2015<\/p>\n<p><strong>Professional experience as a dancer<\/strong><\/p>\n<p>&#8211; Chemnitz, Dessau and Theater Erfurt, Germany &#8211; 1997\/1998 (as an intern) \u2013 Ensemble member in Act II of Giselle, Paganini, Petruschka, Romeo and Juliet, Der Zauberlehering (Harald Wandke)<\/p>\n<p>&#8211; 1\u00ba ATO Dance Company (1998\/1999) &#8211; A Brief Interruption at the End (Gerald Thomas); Palace of Arts Dance Company (1999) &#8211; Operetta The Merry Widow; Mimulus Ballroom Dance Company (2002) &#8211; Luggage, And That Someone You Know Who; Mario Nascimento Dance Company (Jul 2003\/2005 &#8211; Aug 2006-present) &#8211; Escambo, O Rebento, Faladores, Escapada, Naked Territory, 7 Stops, The Nomad, S\u00e3o Paulo Ballet Dance Company (Jan 2005 \/ Aug 2006) &#8211; Z (Germaine Acogni), Line Curve (Itzik Galili), Divin\u00e9ia (Jorge Garcia), Constanze (Mario Nascimento), Where is the North? (Mario Nascimento)<\/p>\n<p><strong>Professional experience as a Creative Interpreter<\/strong><\/p>\n<p>&#8211; La Luna (September 2003) &#8211; 18 min.<\/p>\n<p>&#8211; Wild Women (July 2010) &#8211; 50 min.<\/p>\n<p>&#8211; The Dress (July 2013) \u2013 45 min.<\/p>\n<p>&#8211; The Woman Who Spit Out The Apple (May 2015)\u2013 45 min<\/p>\n<p>She presented her solos at SESC Ribeir\u00e3o Preto, 1,2 na Dan\u00e7a; Move Festival (Manaus); International Dance Forum of S\u00e3o Jos\u00e9 in Rio Preto; Theatre Alterosa (Belo Horizonte), Klauss Vianna Shows (Belo Horizonte); Diversity in Dance (Vi\u00e7osa, MG); International Theatre Festival of Dourados (MS); Popularization of Theatre and Dance Campaign in 2013 (Belo Horizonte), The Seminar of Joinville International Festival, Odin Teatret (Denmark), Cultural Center of Brasilian Bank (CCBB), Funarte Belo Horizonte.<\/p>\n<p><strong>Professional experience as a choreographer<\/strong><\/p>\n<p>&#8211; CEFAR (The Palace of Arts school of dance): 7 Flowers (2003); For Women, Girl and Young Woman (2004), Lightning (2007), For the Children of Earth, Children of the Stars (2007) To Be Free (2008)<\/p>\n<p>&#8211; Crystal Dance Company (BH) 3 Rings (2004)<\/p>\n<p>&#8211; Group Ecstasy (Vi\u00e7osa, MG): A Tone for All of Us (2010) 7 Flowers (2011); Clowns (2012)<\/p>\n<p>&#8211; School Dances Iracema Nogueira (Araraquara, SP): Girl Ful\u00f4; Viva!<\/p>\n<p>-She choreographed the actors Christiane Antu\u00f1a and Omar Jabour in the play Smell of Rain, directed by Gil \u00c9sper.<\/p>\n<p><strong>Experience as a teacher<\/strong><\/p>\n<p>&#8211; Rosa was the teacher of contemporary dance at CEFAR (Palace of Arts school of dance); Crystal Dance Company; Mimulus Dance Company, The Youth Ballet Company at the Palace of Arts; The Main Dance Company at the Palace of Arts, and with Chameleon Dance Group.<\/p>\n<p>&#8211; Creator of the Integrated Arts Workshop, using contemporary dance, theatrical games and vocal preparation. This workshop circulated in 2012 throughout the country through SESC\u2019s Circulation of Stages Project, and with Mario Nascimento Dance Company.<\/p>\n<p>&#8211; She also teaches body preparation for actors.<\/p>\n<p>&#8211; She teaches contemporary dance, theatrical games, voice preparation and improvisation for Mario Nascimento Dance Company.<\/p>\n<p><strong>Professional experience as an actress<\/strong><\/p>\n<p>&#8211; Theatrical Improvisation Company with the performance About Us (Dec 2012), direction under Mariana Muniz.<\/p>\n<p>&#8211; Hit Me (Popwitch) &#8211; January 2013, Summer Contemporary Art, BH \u2013 direction under Diego Bagagal.<\/p>\n<p>&nbsp;<\/p>\n<p>www.nucleoantuna.blogspot.com<\/p>\n<p>www.ciamn.blogspot.com<\/p>\n<p>[\/vc_column_text][vc_button button_color=&#8221;accent&#8221; radius=&#8221;btn-square&#8221; border_width=&#8221;0&#8243; link=&#8221;url:http%3A%2F%2Fwww.rosaantuna.com.br%2Fdownload%2Frosa_antuna_resume.pdf||target:%20_blank|&#8221;]DOWNLOAD ENGLISH PDF FILE[\/vc_button][\/vc_accordion_tab][\/vc_accordion][\/vc_column][\/vc_row]<\/p>\n<\/div>","protected":false},"excerpt":{"rendered":"<p>[vc_row unlock_row_content=&#8221;yes&#8221; row_height_percent=&#8221;0&#8243; override_padding=&#8221;yes&#8221; h_padding=&#8221;0&#8243; top_padding=&#8221;0&#8243; bottom_padding=&#8221;0&#8243; overlay_alpha=&#8221;50&#8243; gutter_size=&#8221;0&#8243; column_width_percent=&#8221;100&#8243; shift_y=&#8221;0&#8243; z_index=&#8221;0&#8243; sticky=&#8221;yes&#8221;][vc_column width=&#8221;1\/1&#8243;][vc_separator sep_color=&#8221;accent&#8221; el_width=&#8221;100%&#8221; el_height=&#8221;10px&#8221;][\/vc_column][\/vc_row][vc_row][vc_column width=&#8221;1\/3&#8243;][vc_gallery el_id=&#8221;gallery-144596&#8243; medias=&#8221;65663,65664,65665,65666&#8243; [&hellip;]<\/p>\n","protected":false},"author":1,"featured_media":0,"parent":0,"menu_order":0,"comment_status":"closed","ping_status":"closed","template":"","meta":{"footnotes":""},"class_list":["post-65450","page","type-page","status-publish","hentry"],"yoast_head":"<!-- This site is optimized with the Yoast SEO plugin v26.5 - https:\/\/yoast.com\/wordpress\/plugins\/seo\/ -->\n<title>SOBRE - Rosa Antu\u00f1a<\/title>\n<meta name=\"robots\" content=\"index, follow, max-snippet:-1, max-image-preview:large, max-video-preview:-1\" \/>\n<link rel=\"canonical\" href=\"https:\/\/www.rosaantuna.com.br\/sobre\/\" \/>\n<meta property=\"og:locale\" content=\"en_US\" \/>\n<meta property=\"og:type\" content=\"article\" \/>\n<meta property=\"og:title\" content=\"SOBRE - Rosa Antu\u00f1a\" \/>\n<meta property=\"og:description\" content=\"[vc_row unlock_row_content=&#8221;yes&#8221; row_height_percent=&#8221;0&#8243; override_padding=&#8221;yes&#8221; h_padding=&#8221;0&#8243; top_padding=&#8221;0&#8243; bottom_padding=&#8221;0&#8243; overlay_alpha=&#8221;50&#8243; gutter_size=&#8221;0&#8243; column_width_percent=&#8221;100&#8243; shift_y=&#8221;0&#8243; z_index=&#8221;0&#8243; sticky=&#8221;yes&#8221;][vc_column width=&#8221;1\/1&#8243;][vc_separator sep_color=&#8221;accent&#8221; el_width=&#8221;100%&#8221; el_height=&#8221;10px&#8221;][\/vc_column][\/vc_row][vc_row][vc_column width=&#8221;1\/3&#8243;][vc_gallery el_id=&#8221;gallery-144596&#8243; medias=&#8221;65663,65664,65665,65666&#8243; [&hellip;]\" \/>\n<meta property=\"og:url\" content=\"https:\/\/www.rosaantuna.com.br\/sobre\/\" \/>\n<meta property=\"og:site_name\" content=\"Rosa Antu\u00f1a\" \/>\n<meta property=\"article:modified_time\" content=\"2020-04-27T23:50:37+00:00\" \/>\n<meta name=\"twitter:card\" content=\"summary_large_image\" \/>\n<meta name=\"twitter:label1\" content=\"Est. reading time\" \/>\n\t<meta name=\"twitter:data1\" content=\"21 minutes\" \/>\n<script type=\"application\/ld+json\" class=\"yoast-schema-graph\">{\"@context\":\"https:\/\/schema.org\",\"@graph\":[{\"@type\":\"WebPage\",\"@id\":\"https:\/\/www.rosaantuna.com.br\/sobre\/\",\"url\":\"https:\/\/www.rosaantuna.com.br\/sobre\/\",\"name\":\"SOBRE - Rosa Antu\u00f1a\",\"isPartOf\":{\"@id\":\"https:\/\/www.rosaantuna.com.br\/#website\"},\"datePublished\":\"2017-09-30T14:17:55+00:00\",\"dateModified\":\"2020-04-27T23:50:37+00:00\",\"breadcrumb\":{\"@id\":\"https:\/\/www.rosaantuna.com.br\/sobre\/#breadcrumb\"},\"inLanguage\":\"en-US\",\"potentialAction\":[{\"@type\":\"ReadAction\",\"target\":[\"https:\/\/www.rosaantuna.com.br\/sobre\/\"]}]},{\"@type\":\"BreadcrumbList\",\"@id\":\"https:\/\/www.rosaantuna.com.br\/sobre\/#breadcrumb\",\"itemListElement\":[{\"@type\":\"ListItem\",\"position\":1,\"name\":\"In\u00edcio\",\"item\":\"https:\/\/www.rosaantuna.com.br\/\"},{\"@type\":\"ListItem\",\"position\":2,\"name\":\"SOBRE\"}]},{\"@type\":\"WebSite\",\"@id\":\"https:\/\/www.rosaantuna.com.br\/#website\",\"url\":\"https:\/\/www.rosaantuna.com.br\/\",\"name\":\"Rosa Antu\u00f1a\",\"description\":\"Dancer, actress, director, choreographer\",\"potentialAction\":[{\"@type\":\"SearchAction\",\"target\":{\"@type\":\"EntryPoint\",\"urlTemplate\":\"https:\/\/www.rosaantuna.com.br\/?s={search_term_string}\"},\"query-input\":{\"@type\":\"PropertyValueSpecification\",\"valueRequired\":true,\"valueName\":\"search_term_string\"}}],\"inLanguage\":\"en-US\"}]}<\/script>\n<!-- \/ Yoast SEO plugin. -->","yoast_head_json":{"title":"SOBRE - Rosa Antu\u00f1a","robots":{"index":"index","follow":"follow","max-snippet":"max-snippet:-1","max-image-preview":"max-image-preview:large","max-video-preview":"max-video-preview:-1"},"canonical":"https:\/\/www.rosaantuna.com.br\/sobre\/","og_locale":"en_US","og_type":"article","og_title":"SOBRE - Rosa Antu\u00f1a","og_description":"[vc_row unlock_row_content=&#8221;yes&#8221; row_height_percent=&#8221;0&#8243; override_padding=&#8221;yes&#8221; h_padding=&#8221;0&#8243; top_padding=&#8221;0&#8243; bottom_padding=&#8221;0&#8243; overlay_alpha=&#8221;50&#8243; gutter_size=&#8221;0&#8243; column_width_percent=&#8221;100&#8243; shift_y=&#8221;0&#8243; z_index=&#8221;0&#8243; sticky=&#8221;yes&#8221;][vc_column width=&#8221;1\/1&#8243;][vc_separator sep_color=&#8221;accent&#8221; el_width=&#8221;100%&#8221; el_height=&#8221;10px&#8221;][\/vc_column][\/vc_row][vc_row][vc_column width=&#8221;1\/3&#8243;][vc_gallery el_id=&#8221;gallery-144596&#8243; medias=&#8221;65663,65664,65665,65666&#8243; [&hellip;]","og_url":"https:\/\/www.rosaantuna.com.br\/sobre\/","og_site_name":"Rosa Antu\u00f1a","article_modified_time":"2020-04-27T23:50:37+00:00","twitter_card":"summary_large_image","twitter_misc":{"Est. reading time":"21 minutes"},"schema":{"@context":"https:\/\/schema.org","@graph":[{"@type":"WebPage","@id":"https:\/\/www.rosaantuna.com.br\/sobre\/","url":"https:\/\/www.rosaantuna.com.br\/sobre\/","name":"SOBRE - Rosa Antu\u00f1a","isPartOf":{"@id":"https:\/\/www.rosaantuna.com.br\/#website"},"datePublished":"2017-09-30T14:17:55+00:00","dateModified":"2020-04-27T23:50:37+00:00","breadcrumb":{"@id":"https:\/\/www.rosaantuna.com.br\/sobre\/#breadcrumb"},"inLanguage":"en-US","potentialAction":[{"@type":"ReadAction","target":["https:\/\/www.rosaantuna.com.br\/sobre\/"]}]},{"@type":"BreadcrumbList","@id":"https:\/\/www.rosaantuna.com.br\/sobre\/#breadcrumb","itemListElement":[{"@type":"ListItem","position":1,"name":"In\u00edcio","item":"https:\/\/www.rosaantuna.com.br\/"},{"@type":"ListItem","position":2,"name":"SOBRE"}]},{"@type":"WebSite","@id":"https:\/\/www.rosaantuna.com.br\/#website","url":"https:\/\/www.rosaantuna.com.br\/","name":"Rosa Antu\u00f1a","description":"Dancer, actress, director, choreographer","potentialAction":[{"@type":"SearchAction","target":{"@type":"EntryPoint","urlTemplate":"https:\/\/www.rosaantuna.com.br\/?s={search_term_string}"},"query-input":{"@type":"PropertyValueSpecification","valueRequired":true,"valueName":"search_term_string"}}],"inLanguage":"en-US"}]}},"_links":{"self":[{"href":"https:\/\/www.rosaantuna.com.br\/en\/wp-json\/wp\/v2\/pages\/65450","targetHints":{"allow":["GET"]}}],"collection":[{"href":"https:\/\/www.rosaantuna.com.br\/en\/wp-json\/wp\/v2\/pages"}],"about":[{"href":"https:\/\/www.rosaantuna.com.br\/en\/wp-json\/wp\/v2\/types\/page"}],"author":[{"embeddable":true,"href":"https:\/\/www.rosaantuna.com.br\/en\/wp-json\/wp\/v2\/users\/1"}],"replies":[{"embeddable":true,"href":"https:\/\/www.rosaantuna.com.br\/en\/wp-json\/wp\/v2\/comments?post=65450"}],"version-history":[{"count":10,"href":"https:\/\/www.rosaantuna.com.br\/en\/wp-json\/wp\/v2\/pages\/65450\/revisions"}],"predecessor-version":[{"id":66057,"href":"https:\/\/www.rosaantuna.com.br\/en\/wp-json\/wp\/v2\/pages\/65450\/revisions\/66057"}],"wp:attachment":[{"href":"https:\/\/www.rosaantuna.com.br\/en\/wp-json\/wp\/v2\/media?parent=65450"}],"curies":[{"name":"wp","href":"https:\/\/api.w.org\/{rel}","templated":true}]}}